{"id":8883,"date":"2020-07-15T11:03:30","date_gmt":"2020-07-15T15:03:30","guid":{"rendered":"https:\/\/irismundial.ca\/a-propos\/our-board-of-directors\/"},"modified":"2025-07-21T12:47:46","modified_gmt":"2025-07-21T16:47:46","slug":"our-board-of-directors","status":"publish","type":"page","link":"https:\/\/irismundial.ca\/en\/about\/our-board-of-directors\/","title":{"rendered":"Our Board of Directors"},"content":{"rendered":"<p>[et_pb_section fb_built=&#8221;1&#8243; fullwidth=&#8221;on&#8221; admin_label=&#8221;Header Section&#8221; _builder_version=&#8221;4.17.4&#8243; background_color=&#8221;#000000&#8243; background_enable_image=&#8221;off&#8221; bottom_divider_flip=&#8221;horizontal&#8221; locked=&#8221;off&#8221; global_colors_info=&#8221;{}&#8221;][et_pb_fullwidth_header title=&#8221;Our Board of Directors&#8221; button_one_url=&#8221;https:\/\/irismundial.ca\/en\/get-involved\/&#8221; button_two_url=&#8221;https:\/\/irismundial.ca\/en\/donate-now\/&#8221; header_image_url=&#8221;https:\/\/irismundial.ca\/wp-content\/uploads\/2022\/08\/conseil-administratif-mundial.png&#8221; _builder_version=&#8221;4.17.4&#8243; content_text_color=&#8221;gcid-b9d68654-15c3-43d5-b15d-cfb511ab53ae&#8221; button_one_border_color=&#8221;RGBA(0,0,0,0)&#8221; button_two_text_color=&#8221;#FFFFFF&#8221; button_two_border_color=&#8221;RGBA(0,0,0,0)&#8221; custom_css_title=&#8221;margin-bottom:10px&#8221; button_one_border_radius_hover=&#8221;100px&#8221; button_one_bg_color_hover=&#8221;#cc8d66&#8243; button_two_bg_color_hover=&#8221;#d29f68&#8243; locked=&#8221;off&#8221; global_colors_info=&#8221;{%22gcid-a951c9be-22a0-45fb-8d53-367dfb7d9065%22:%91%22title_text_color%22%93,%22gcid-b9d68654-15c3-43d5-b15d-cfb511ab53ae%22:%91%22content_text_color%22%93,%22gcid-9e2a06aa-fe05-4c43-af9b-24ee20848f69%22:%91%22button_one_bg_color__hover%22%93,%22gcid-ce838b03-352e-4e69-9219-e6ad6a2001e7%22:%91%22button_two_bg_color__hover%22%93}&#8221; button_one_text_size__hover_enabled=&#8221;off&#8221; button_two_text_size__hover_enabled=&#8221;off&#8221; button_one_text_color__hover_enabled=&#8221;off&#8221; button_two_text_color__hover_enabled=&#8221;off&#8221; button_one_border_width__hover_enabled=&#8221;off&#8221; button_two_border_width__hover_enabled=&#8221;off&#8221; button_one_border_color__hover_enabled=&#8221;off&#8221; button_two_border_color__hover_enabled=&#8221;off&#8221; button_one_border_radius__hover_enabled=&#8221;on&#8221; button_one_border_radius__hover=&#8221;&#8221; button_two_border_radius__hover_enabled=&#8221;off&#8221; button_one_letter_spacing__hover_enabled=&#8221;off&#8221; button_two_letter_spacing__hover_enabled=&#8221;off&#8221; button_one_bg_color__hover=&#8221;#e2833b&#8221; button_two_bg_color__hover=&#8221;#76c189&#8243; button_one_bg_enable_color__hover=&#8221;on&#8221; button_two_bg_enable_color__hover=&#8221;on&#8221;][\/et_pb_fullwidth_header][\/et_pb_section][et_pb_section fb_built=&#8221;1&#8243; admin_label=&#8221;Listings&#8221; _builder_version=&#8221;4.17.4&#8243; custom_padding=&#8221;33px||120px||false|false&#8221; bottom_divider_style=&#8221;ramp&#8221; bottom_divider_color=&#8221;#4e72ae&#8221; bottom_divider_flip=&#8221;horizontal&#8221; animation_style=&#8221;fade&#8221; animation_delay=&#8221;200ms&#8221; global_colors_info=&#8221;{}&#8221;][et_pb_row column_structure=&#8221;1_5,1_5,1_5,1_5,1_5&#8243; _builder_version=&#8221;4.16&#8243; global_colors_info=&#8221;{}&#8221;][et_pb_column type=&#8221;1_5&#8243; _builder_version=&#8221;4.16&#8243; custom_padding=&#8221;|||&#8221; global_colors_info=&#8221;{}&#8221; custom_padding__hover=&#8221;|||&#8221;][et_pb_blurb title=&#8221;Mrs. Johanne de Champlain&#8221; image=&#8221;https:\/\/irismundial.ca\/wp-content\/uploads\/2020\/07\/Johanne-de-Champlain-Pr\u00e9sidente.jpg&#8221; _builder_version=&#8221;4.19.4&#8243; header_font=&#8221;Oswald|||on|||||&#8221; header_text_align=&#8221;center&#8221; header_font_size=&#8221;16px&#8221; header_letter_spacing=&#8221;2px&#8221; header_line_height=&#8221;1.7em&#8221; body_font=&#8221;Calibre Regular||||||||&#8221; body_font_size=&#8221;16px&#8221; body_line_height=&#8221;1.9em&#8221; border_radii_image=&#8221;on|8px|8px|8px|8px&#8221; box_shadow_style_image=&#8221;preset3&#8243; global_colors_info=&#8221;{}&#8221;]<\/p>\n<h4>President<\/h4>\n<p>Retired nurse<\/p>\n<p>[\/et_pb_blurb][\/et_pb_column][et_pb_column type=&#8221;1_5&#8243; _builder_version=&#8221;4.16&#8243; custom_padding=&#8221;|||&#8221; global_colors_info=&#8221;{}&#8221; custom_padding__hover=&#8221;|||&#8221;][et_pb_blurb title=&#8221;Dre Ariana Arambulo Cevallos&#8221; image=&#8221;https:\/\/irismundial.ca\/wp-content\/uploads\/2022\/10\/Ariana-Arambulo-Cevallos-scaled.jpeg&#8221; _builder_version=&#8221;4.27.4&#8243; header_font=&#8221;Oswald|||on|||||&#8221; header_text_align=&#8221;center&#8221; header_font_size=&#8221;16px&#8221; header_letter_spacing=&#8221;2px&#8221; header_line_height=&#8221;1.7em&#8221; body_font=&#8221;Calibre Regular||||||||&#8221; body_font_size=&#8221;16px&#8221; body_line_height=&#8221;1.9em&#8221; hover_enabled=&#8221;0&#8243; border_radii_image=&#8221;on|8px|8px|8px|8px&#8221; box_shadow_style_image=&#8221;preset3&#8243; locked=&#8221;off&#8221; global_colors_info=&#8221;{}&#8221; sticky_enabled=&#8221;0&#8243;]<\/p>\n<h4>Vice-president<\/h4>\n<p>Optometrist, Centre Visuel Optika, Raymond &amp; C\u00f4t\u00e9 and Clinique universitaire de la vision (Universit\u00e9 de Montr\u00e9al)<\/p>\n<p>&nbsp;<\/p>\n<p>[\/et_pb_blurb][\/et_pb_column][et_pb_column type=&#8221;1_5&#8243; _builder_version=&#8221;4.16&#8243; custom_padding=&#8221;|||&#8221; global_colors_info=&#8221;{}&#8221; custom_padding__hover=&#8221;|||&#8221;][et_pb_blurb title=&#8221;Mr. J\u00e9r\u00e9mie Plourde-Perreault&#8221; image=&#8221;https:\/\/irismundial.ca\/wp-content\/uploads\/2020\/07\/Plourde-Perreault_J\u00e9r\u00e9mie.jpg&#8221; _builder_version=&#8221;4.19.4&#8243; header_font=&#8221;Oswald|||on|||||&#8221; header_text_align=&#8221;center&#8221; header_font_size=&#8221;16px&#8221; header_letter_spacing=&#8221;2px&#8221; header_line_height=&#8221;1.7em&#8221; body_font=&#8221;Calibre Regular||||||||&#8221; body_font_size=&#8221;16px&#8221; body_line_height=&#8221;1.9em&#8221; border_radii_image=&#8221;on|8px|8px|8px|8px&#8221; box_shadow_style_image=&#8221;preset3&#8243; locked=&#8221;off&#8221; global_colors_info=&#8221;{}&#8221;]<\/p>\n<h4>Treasurer<\/h4>\n<p>Senior manager &#8211; Recovery, Recovery and reorganization, Raymond Chabot Inc.<\/p>\n<p>&nbsp;<\/p>\n<p>[\/et_pb_blurb][\/et_pb_column][et_pb_column type=&#8221;1_5&#8243; _builder_version=&#8221;4.16&#8243; custom_padding=&#8221;|||&#8221; global_colors_info=&#8221;{}&#8221; custom_padding__hover=&#8221;|||&#8221;][et_pb_blurb title=&#8221;Marie Jobin-G\u00e9linas&#8221; image=&#8221;https:\/\/irismundial.ca\/wp-content\/uploads\/2024\/04\/Marie-Jobin-Gelinas-carre.png&#8221; _builder_version=&#8221;4.27.2&#8243; header_font=&#8221;Oswald|||on|||||&#8221; header_text_align=&#8221;center&#8221; header_font_size=&#8221;16px&#8221; header_letter_spacing=&#8221;2px&#8221; header_line_height=&#8221;1.7em&#8221; body_font=&#8221;Calibre Regular||||||||&#8221; body_font_size=&#8221;16px&#8221; body_line_height=&#8221;1.9em&#8221; border_radii_image=&#8221;on|8px|8px|8px|8px&#8221; box_shadow_style_image=&#8221;preset3&#8243; locked=&#8221;off&#8221; global_colors_info=&#8221;{}&#8221;]<\/p>\n<h4>Secretary<\/h4>\n<p style=\"text-align: left;\">Counsellor &#8211; Gender equality and human rights<\/p>\n<p>[\/et_pb_blurb][\/et_pb_column][et_pb_column type=&#8221;1_5&#8243; _builder_version=&#8221;4.16&#8243; custom_padding=&#8221;|||&#8221; global_colors_info=&#8221;{}&#8221; custom_padding__hover=&#8221;|||&#8221;][et_pb_blurb title=&#8221;Mrs. Mihaela Mara-Somogyi&#8221; image=&#8221;https:\/\/irismundial.ca\/wp-content\/uploads\/2020\/07\/Mihaela-Mara-Somogyi.jpg&#8221; _builder_version=&#8221;4.19.4&#8243; header_font=&#8221;Oswald|||on|||||&#8221; header_text_align=&#8221;center&#8221; header_font_size=&#8221;16px&#8221; header_letter_spacing=&#8221;2px&#8221; header_line_height=&#8221;1.7em&#8221; body_font=&#8221;Calibre Regular||||||||&#8221; body_font_size=&#8221;16px&#8221; body_line_height=&#8221;1.9em&#8221; border_radii_image=&#8221;on|8px|8px|8px|8px&#8221; box_shadow_style_image=&#8221;preset3&#8243; locked=&#8221;off&#8221; global_colors_info=&#8221;{}&#8221;]<\/p>\n<h4>Administrator<\/h4>\n<p>Optician, Regional director at IRIS<\/p>\n<p>[\/et_pb_blurb][\/et_pb_column][\/et_pb_row][et_pb_row column_structure=&#8221;1_5,1_5,1_5,1_5,1_5&#8243; _builder_version=&#8221;4.16&#8243; global_colors_info=&#8221;{}&#8221;][et_pb_column type=&#8221;1_5&#8243; _builder_version=&#8221;4.16&#8243; custom_padding=&#8221;|||&#8221; global_colors_info=&#8221;{}&#8221; custom_padding__hover=&#8221;|||&#8221;][et_pb_blurb title=&#8221;Dr. \u00c9laine Giasson&#8221; image=&#8221;https:\/\/irismundial.ca\/wp-content\/uploads\/2020\/07\/\u00c9laine-Giasson-2.jpg&#8221; _builder_version=&#8221;4.19.4&#8243; header_font=&#8221;Oswald|||on|||||&#8221; header_text_align=&#8221;center&#8221; header_font_size=&#8221;16px&#8221; header_letter_spacing=&#8221;2px&#8221; header_line_height=&#8221;1.7em&#8221; body_font=&#8221;Calibre Regular||||||||&#8221; body_font_size=&#8221;16px&#8221; body_line_height=&#8221;1.9em&#8221; border_radii_image=&#8221;on|8px|8px|8px|8px&#8221; box_shadow_style_image=&#8221;preset3&#8243; global_colors_info=&#8221;{}&#8221;]<\/p>\n<h4>Administrator<\/h4>\n<p>Optometrist, IRIS Rouyn-Noranda<\/p>\n<p>[\/et_pb_blurb][\/et_pb_column][et_pb_column type=&#8221;1_5&#8243; _builder_version=&#8221;4.27.2&#8243; _module_preset=&#8221;default&#8221; global_colors_info=&#8221;{}&#8221;][et_pb_blurb title=&#8221;Nathalie Sureaud                                      &#8221; image=&#8221;https:\/\/irismundial.ca\/wp-content\/uploads\/2024\/10\/Nathalie-Sureaud-2023-carre.jpg&#8221; _builder_version=&#8221;4.27.2&#8243; header_font=&#8221;Oswald|||on|||||&#8221; header_text_align=&#8221;center&#8221; header_font_size=&#8221;16px&#8221; header_letter_spacing=&#8221;2px&#8221; header_line_height=&#8221;1.7em&#8221; body_font=&#8221;Calibre Regular||||||||&#8221; body_font_size=&#8221;16px&#8221; body_line_height=&#8221;1.9em&#8221; border_radii_image=&#8221;on|8px|8px|8px|8px&#8221; box_shadow_style_image=&#8221;preset3&#8243; locked=&#8221;off&#8221; global_colors_info=&#8221;{}&#8221;]<\/p>\n<h4>Administrator<\/h4>\n<p>Director of Operations for Quebec, IRIS<\/p>\n<p>[\/et_pb_blurb][\/et_pb_column][et_pb_column type=&#8221;1_5&#8243; _builder_version=&#8221;4.16&#8243; custom_padding=&#8221;|||&#8221; global_colors_info=&#8221;{}&#8221; custom_padding__hover=&#8221;|||&#8221;][et_pb_blurb title=&#8221;Dr. Marie-Chantal Hudon&#8221; image=&#8221;https:\/\/irismundial.ca\/wp-content\/uploads\/2020\/07\/Dre-Marie-Chantal-Hudon.jpg&#8221; _builder_version=&#8221;4.27.4&#8243; header_font=&#8221;Oswald|||on|||||&#8221; header_text_align=&#8221;center&#8221; header_font_size=&#8221;16px&#8221; header_letter_spacing=&#8221;2px&#8221; header_line_height=&#8221;1.7em&#8221; body_font=&#8221;Calibre Regular||||||||&#8221; body_font_size=&#8221;16px&#8221; body_line_height=&#8221;1.9em&#8221; hover_enabled=&#8221;0&#8243; border_radii_image=&#8221;on|8px|8px|8px|8px&#8221; box_shadow_style_image=&#8221;preset3&#8243; locked=&#8221;off&#8221; global_colors_info=&#8221;{}&#8221; sticky_enabled=&#8221;0&#8243;]<\/p>\n<h4>Administrator<\/h4>\n<p>Optometrist, IRIS Saint-J\u00e9r\u00f4me and IRIS Centropolis<\/p>\n<p>[\/et_pb_blurb][\/et_pb_column][et_pb_column type=&#8221;1_5&#8243; _builder_version=&#8221;4.16&#8243; custom_padding=&#8221;|||&#8221; global_colors_info=&#8221;{}&#8221; custom_padding__hover=&#8221;|||&#8221;][et_pb_blurb title=&#8221;Mr. Jacques Dupont&#8221; image=&#8221;https:\/\/irismundial.ca\/wp-content\/uploads\/2020\/07\/Jacques-Dupont.jpg&#8221; _builder_version=&#8221;4.19.4&#8243; header_font=&#8221;Oswald|||on|||||&#8221; header_text_align=&#8221;center&#8221; header_font_size=&#8221;16px&#8221; header_letter_spacing=&#8221;2px&#8221; header_line_height=&#8221;1.7em&#8221; body_font=&#8221;Calibre Regular||||||||&#8221; body_font_size=&#8221;16px&#8221; body_line_height=&#8221;1.9em&#8221; border_radii_image=&#8221;on|10px|10px|10px|10px&#8221; locked=&#8221;off&#8221; global_colors_info=&#8221;{}&#8221;]<\/p>\n<h4>Administrator<\/h4>\n<p>Generalist<\/p>\n<p>[\/et_pb_blurb][\/et_pb_column][et_pb_column type=&#8221;1_5&#8243; _builder_version=&#8221;4.16&#8243; custom_padding=&#8221;|||&#8221; global_colors_info=&#8221;{}&#8221; custom_padding__hover=&#8221;|||&#8221;][\/et_pb_column][\/et_pb_row][\/et_pb_section]<\/p>\n","protected":false},"excerpt":{"rendered":"<p>President Retired nurseVice-president Optometrist, Centre Visuel Optika, Raymond &amp; C\u00f4t\u00e9 and Clinique universitaire de la vision (Universit\u00e9 de Montr\u00e9al) &nbsp;Treasurer Senior manager &#8211; Recovery, Recovery and reorganization, Raymond Chabot Inc. &nbsp;Secretary Counsellor &#8211; Gender equality and human rightsAdministrator Optician, Regional director at IRISAdministrator Optometrist, IRIS Rouyn-NorandaAdministrator Director of Operations for Quebec, IRISAdministrator Optometrist, IRIS Saint-J\u00e9r\u00f4me [&hellip;]<\/p>\n","protected":false},"author":3,"featured_media":0,"parent":8898,"menu_order":0,"comment_status":"closed","ping_status":"closed","template":"","meta":{"_et_pb_use_builder":"on","_et_pb_old_content":"","_et_gb_content_width":"","footnotes":""},"class_list":["post-8883","page","type-page","status-publish","hentry"],"yoast_head":"<!-- This site is optimized with the Yoast SEO plugin v27.1.1 - https:\/\/yoast.com\/product\/yoast-seo-wordpress\/ -->\n<title>Our Board of Directors | IRIS Mundial<\/title>\n<meta name=\"robots\" content=\"index, follow, max-snippet:-1, max-image-preview:large, max-video-preview:-1\" \/>\n<link rel=\"canonical\" href=\"https:\/\/irismundial.ca\/a-propos\/notre-conseil-dadministration\/\" \/>\n<meta property=\"og:locale\" content=\"en_US\" \/>\n<meta property=\"og:type\" content=\"article\" \/>\n<meta property=\"og:title\" content=\"Our Board of Directors | IRIS Mundial\" \/>\n<meta property=\"og:description\" content=\"President Retired nurseVice-president Optometrist, Centre Visuel Optika, Raymond &amp; C\u00f4t\u00e9 and Clinique universitaire de la vision (Universit\u00e9 de Montr\u00e9al) &nbsp;Treasurer Senior manager - Recovery, Recovery and reorganization, Raymond Chabot Inc. &nbsp;Secretary Counsellor - Gender equality and human rightsAdministrator Optician, Regional director at IRISAdministrator Optometrist, IRIS Rouyn-NorandaAdministrator Director of Operations for Quebec, IRISAdministrator Optometrist, IRIS Saint-J\u00e9r\u00f4me [&hellip;]\" \/>\n<meta property=\"og:url\" content=\"https:\/\/irismundial.ca\/a-propos\/notre-conseil-dadministration\/\" \/>\n<meta property=\"og:site_name\" content=\"IRIS Mundial\" \/>\n<meta property=\"article:publisher\" content=\"https:\/\/www.facebook.com\/irismundial\/\" \/>\n<meta property=\"article:modified_time\" content=\"2025-07-21T16:47:46+00:00\" \/>\n<meta property=\"og:image\" content=\"https:\/\/irismundial.ca\/wp-content\/uploads\/2021\/08\/IRIS-Mundial-Logo.png\" \/>\n\t<meta property=\"og:image:width\" content=\"1091\" \/>\n\t<meta property=\"og:image:height\" content=\"355\" \/>\n\t<meta property=\"og:image:type\" content=\"image\/png\" \/>\n<meta name=\"twitter:label1\" content=\"Est. reading time\" \/>\n\t<meta name=\"twitter:data1\" content=\"6 minutes\" \/>\n<script type=\"application\/ld+json\" class=\"yoast-schema-graph\">{\"@context\":\"https:\/\/schema.org\",\"@graph\":[{\"@type\":\"WebPage\",\"@id\":\"https:\/\/irismundial.ca\/a-propos\/notre-conseil-dadministration\/\",\"url\":\"https:\/\/irismundial.ca\/a-propos\/notre-conseil-dadministration\/\",\"name\":\"Our Board of Directors | IRIS Mundial\",\"isPartOf\":{\"@id\":\"https:\/\/irismundial.ca\/#website\"},\"datePublished\":\"2020-07-15T15:03:30+00:00\",\"dateModified\":\"2025-07-21T16:47:46+00:00\",\"breadcrumb\":{\"@id\":\"https:\/\/irismundial.ca\/a-propos\/notre-conseil-dadministration\/#breadcrumb\"},\"inLanguage\":\"en-US\",\"potentialAction\":[{\"@type\":\"ReadAction\",\"target\":[\"https:\/\/irismundial.ca\/a-propos\/notre-conseil-dadministration\/\"]}]},{\"@type\":\"BreadcrumbList\",\"@id\":\"https:\/\/irismundial.ca\/a-propos\/notre-conseil-dadministration\/#breadcrumb\",\"itemListElement\":[{\"@type\":\"ListItem\",\"position\":1,\"name\":\"Home\",\"item\":\"https:\/\/irismundial.ca\/\"},{\"@type\":\"ListItem\",\"position\":2,\"name\":\"About\",\"item\":\"https:\/\/irismundial.ca\/a-propos\/\"},{\"@type\":\"ListItem\",\"position\":3,\"name\":\"Our Board of Directors\"}]},{\"@type\":\"WebSite\",\"@id\":\"https:\/\/irismundial.ca\/#website\",\"url\":\"https:\/\/irismundial.ca\/\",\"name\":\"IRIS Mundial\",\"description\":\"It&#039;s our mission for eyes in need\",\"publisher\":{\"@id\":\"https:\/\/irismundial.ca\/#organization\"},\"potentialAction\":[{\"@type\":\"SearchAction\",\"target\":{\"@type\":\"EntryPoint\",\"urlTemplate\":\"https:\/\/irismundial.ca\/?s={search_term_string}\"},\"query-input\":{\"@type\":\"PropertyValueSpecification\",\"valueRequired\":true,\"valueName\":\"search_term_string\"}}],\"inLanguage\":\"en-US\"},{\"@type\":\"Organization\",\"@id\":\"https:\/\/irismundial.ca\/#organization\",\"name\":\"IRIS MUNDIAL\",\"url\":\"https:\/\/irismundial.ca\/\",\"logo\":{\"@type\":\"ImageObject\",\"inLanguage\":\"en-US\",\"@id\":\"https:\/\/irismundial.ca\/#\/schema\/logo\/image\/\",\"url\":\"https:\/\/irismundial.ca\/wp-content\/uploads\/2021\/11\/New-logo-blog.png\",\"contentUrl\":\"https:\/\/irismundial.ca\/wp-content\/uploads\/2021\/11\/New-logo-blog.png\",\"width\":1637,\"height\":920,\"caption\":\"IRIS MUNDIAL\"},\"image\":{\"@id\":\"https:\/\/irismundial.ca\/#\/schema\/logo\/image\/\"},\"sameAs\":[\"https:\/\/www.facebook.com\/irismundial\/\"]}]}<\/script>\n<!-- \/ Yoast SEO plugin. -->","yoast_head_json":{"title":"Our Board of Directors | IRIS Mundial","robots":{"index":"index","follow":"follow","max-snippet":"max-snippet:-1","max-image-preview":"max-image-preview:large","max-video-preview":"max-video-preview:-1"},"canonical":"https:\/\/irismundial.ca\/a-propos\/notre-conseil-dadministration\/","og_locale":"en_US","og_type":"article","og_title":"Our Board of Directors | IRIS Mundial","og_description":"President Retired nurseVice-president Optometrist, Centre Visuel Optika, Raymond &amp; C\u00f4t\u00e9 and Clinique universitaire de la vision (Universit\u00e9 de Montr\u00e9al) &nbsp;Treasurer Senior manager - Recovery, Recovery and reorganization, Raymond Chabot Inc. &nbsp;Secretary Counsellor - Gender equality and human rightsAdministrator Optician, Regional director at IRISAdministrator Optometrist, IRIS Rouyn-NorandaAdministrator Director of Operations for Quebec, IRISAdministrator Optometrist, IRIS Saint-J\u00e9r\u00f4me [&hellip;]","og_url":"https:\/\/irismundial.ca\/a-propos\/notre-conseil-dadministration\/","og_site_name":"IRIS Mundial","article_publisher":"https:\/\/www.facebook.com\/irismundial\/","article_modified_time":"2025-07-21T16:47:46+00:00","og_image":[{"width":1091,"height":355,"url":"https:\/\/irismundial.ca\/wp-content\/uploads\/2021\/08\/IRIS-Mundial-Logo.png","type":"image\/png"}],"twitter_misc":{"Est. reading time":"6 minutes"},"schema":{"@context":"https:\/\/schema.org","@graph":[{"@type":"WebPage","@id":"https:\/\/irismundial.ca\/a-propos\/notre-conseil-dadministration\/","url":"https:\/\/irismundial.ca\/a-propos\/notre-conseil-dadministration\/","name":"Our Board of Directors | IRIS Mundial","isPartOf":{"@id":"https:\/\/irismundial.ca\/#website"},"datePublished":"2020-07-15T15:03:30+00:00","dateModified":"2025-07-21T16:47:46+00:00","breadcrumb":{"@id":"https:\/\/irismundial.ca\/a-propos\/notre-conseil-dadministration\/#breadcrumb"},"inLanguage":"en-US","potentialAction":[{"@type":"ReadAction","target":["https:\/\/irismundial.ca\/a-propos\/notre-conseil-dadministration\/"]}]},{"@type":"BreadcrumbList","@id":"https:\/\/irismundial.ca\/a-propos\/notre-conseil-dadministration\/#breadcrumb","itemListElement":[{"@type":"ListItem","position":1,"name":"Home","item":"https:\/\/irismundial.ca\/"},{"@type":"ListItem","position":2,"name":"About","item":"https:\/\/irismundial.ca\/a-propos\/"},{"@type":"ListItem","position":3,"name":"Our Board of Directors"}]},{"@type":"WebSite","@id":"https:\/\/irismundial.ca\/#website","url":"https:\/\/irismundial.ca\/","name":"IRIS Mundial","description":"It&#039;s our mission for eyes in need","publisher":{"@id":"https:\/\/irismundial.ca\/#organization"},"potentialAction":[{"@type":"SearchAction","target":{"@type":"EntryPoint","urlTemplate":"https:\/\/irismundial.ca\/?s={search_term_string}"},"query-input":{"@type":"PropertyValueSpecification","valueRequired":true,"valueName":"search_term_string"}}],"inLanguage":"en-US"},{"@type":"Organization","@id":"https:\/\/irismundial.ca\/#organization","name":"IRIS MUNDIAL","url":"https:\/\/irismundial.ca\/","logo":{"@type":"ImageObject","inLanguage":"en-US","@id":"https:\/\/irismundial.ca\/#\/schema\/logo\/image\/","url":"https:\/\/irismundial.ca\/wp-content\/uploads\/2021\/11\/New-logo-blog.png","contentUrl":"https:\/\/irismundial.ca\/wp-content\/uploads\/2021\/11\/New-logo-blog.png","width":1637,"height":920,"caption":"IRIS MUNDIAL"},"image":{"@id":"https:\/\/irismundial.ca\/#\/schema\/logo\/image\/"},"sameAs":["https:\/\/www.facebook.com\/irismundial\/"]}]}},"_links":{"self":[{"href":"https:\/\/irismundial.ca\/en\/wp-json\/wp\/v2\/pages\/8883","targetHints":{"allow":["GET"]}}],"collection":[{"href":"https:\/\/irismundial.ca\/en\/wp-json\/wp\/v2\/pages"}],"about":[{"href":"https:\/\/irismundial.ca\/en\/wp-json\/wp\/v2\/types\/page"}],"author":[{"embeddable":true,"href":"https:\/\/irismundial.ca\/en\/wp-json\/wp\/v2\/users\/3"}],"replies":[{"embeddable":true,"href":"https:\/\/irismundial.ca\/en\/wp-json\/wp\/v2\/comments?post=8883"}],"version-history":[{"count":44,"href":"https:\/\/irismundial.ca\/en\/wp-json\/wp\/v2\/pages\/8883\/revisions"}],"predecessor-version":[{"id":16758,"href":"https:\/\/irismundial.ca\/en\/wp-json\/wp\/v2\/pages\/8883\/revisions\/16758"}],"up":[{"embeddable":true,"href":"https:\/\/irismundial.ca\/en\/wp-json\/wp\/v2\/pages\/8898"}],"wp:attachment":[{"href":"https:\/\/irismundial.ca\/en\/wp-json\/wp\/v2\/media?parent=8883"}],"curies":[{"name":"wp","href":"https:\/\/api.w.org\/{rel}","templated":true}]}}