{"id":8982,"date":"2020-06-30T14:28:59","date_gmt":"2020-06-30T18:28:59","guid":{"rendered":"https:\/\/irismundial.ca\/operational-partners-abroad\/partners-in-haiti\/"},"modified":"2020-09-21T12:14:46","modified_gmt":"2020-09-21T16:14:46","slug":"partners-in-haiti","status":"publish","type":"page","link":"https:\/\/irismundial.ca\/en\/about\/our-partners\/operational-partners-abroad\/partners-in-haiti\/","title":{"rendered":"Partners in Haiti"},"content":{"rendered":"<p>[et_pb_section fb_built=&#8221;1&#8243; fullwidth=&#8221;on&#8221; next_background_color=&#8221;#ffffff&#8221; admin_label=&#8221;Header Section&#8221; _builder_version=&#8221;3.22&#8243; background_color=&#8221;#000000&#8243; bottom_divider_style=&#8221;ramp&#8221; bottom_divider_flip=&#8221;horizontal&#8221; fb_built=&#8221;1&#8243; _i=&#8221;0&#8243; _address=&#8221;0&#8243;][et_pb_fullwidth_header title=&#8221;Operational partners abroad&#8221; subhead=&#8221;Partners in Haiti&#8221; text_orientation=&#8221;center&#8221; content_max_width=&#8221;640px&#8221; _builder_version=&#8221;3.27.4&#8243; title_font=&#8221;Oswald|||on|||||&#8221; title_font_size=&#8221;20px&#8221; title_letter_spacing=&#8221;3px&#8221; title_line_height=&#8221;1.5em&#8221; title_text_shadow_style=&#8221;preset5&#8243; content_font=&#8221;Lora||||||||&#8221; content_font_size=&#8221;22px&#8221; content_line_height=&#8221;2em&#8221; subhead_font=&#8221;Lora|700|||||||&#8221; subhead_font_size=&#8221;60px&#8221; subhead_line_height=&#8221;1.5em&#8221; subhead_text_shadow_style=&#8221;preset5&#8243; background_color=&#8221;rgba(255,255,255,0)&#8221; background_image=&#8221;https:\/\/irismundial.ca\/wp-content\/uploads\/2020\/06\/Ha\u00efti_paysage.jpg&#8221; parallax=&#8221;on&#8221; parallax_method=&#8221;on&#8221; custom_button_one=&#8221;on&#8221; button_one_text_size=&#8221;16px&#8221; button_one_text_color=&#8221;#ffffff&#8221; button_one_bg_color=&#8221;#d29f68&#8243; button_one_border_width=&#8221;15px&#8221; button_one_border_color=&#8221;rgba(210,159,104,0)&#8221; button_one_border_radius=&#8221;100px&#8221; button_one_letter_spacing=&#8221;3px&#8221; button_one_font=&#8221;Oswald|||on|||||&#8221; button_one_use_icon=&#8221;off&#8221; custom_button_two=&#8221;on&#8221; button_two_text_size=&#8221;16px&#8221; button_two_text_color=&#8221;#ffffff&#8221; button_two_bg_color=&#8221;rgba(255,255,255,0.35)&#8221; button_two_border_width=&#8221;15px&#8221; button_two_border_color=&#8221;rgba(0,0,0,0)&#8221; button_two_border_radius=&#8221;100px&#8221; button_two_letter_spacing=&#8221;3px&#8221; button_two_font=&#8221;Oswald|||on|||||&#8221; button_two_use_icon=&#8221;off&#8221; custom_margin=&#8221;|||&#8221; custom_padding=&#8221;90px||90px||true&#8221; animation_style=&#8221;zoom&#8221; animation_duration=&#8221;2000ms&#8221; animation_intensity_zoom=&#8221;4%&#8221; subhead_font_size_phone=&#8221;50px&#8221; subhead_font_size_last_edited=&#8221;on|desktop&#8221; button_one_border_radius_hover=&#8221;100px&#8221; button_one_bg_color_hover=&#8221;#cc8d66&#8243; button_two_bg_color_hover=&#8221;#d29f68&#8243; _i=&#8221;0&#8243; _address=&#8221;0.0&#8243; button_one_text_size__hover_enabled=&#8221;off&#8221; button_two_text_size__hover_enabled=&#8221;off&#8221; button_one_text_color__hover_enabled=&#8221;off&#8221; button_two_text_color__hover_enabled=&#8221;off&#8221; button_one_border_width__hover_enabled=&#8221;off&#8221; button_two_border_width__hover_enabled=&#8221;off&#8221; button_one_border_color__hover_enabled=&#8221;off&#8221; button_two_border_color__hover_enabled=&#8221;off&#8221; button_one_border_radius__hover_enabled=&#8221;on&#8221; button_one_border_radius__hover=&#8221;100px&#8221; button_two_border_radius__hover_enabled=&#8221;off&#8221; button_one_letter_spacing__hover_enabled=&#8221;off&#8221; button_two_letter_spacing__hover_enabled=&#8221;off&#8221; button_one_bg_color__hover_enabled=&#8221;on&#8221; button_one_bg_color__hover=&#8221;#cc8d66&#8243; button_two_bg_color__hover_enabled=&#8221;on&#8221; button_two_bg_color__hover=&#8221;#d29f68&#8243;][\/et_pb_fullwidth_header][\/et_pb_section][et_pb_section fb_built=&#8221;1&#8243; specialty=&#8221;on&#8221; next_background_color=&#8221;#000000&#8243; padding_2_tablet=&#8221;|10%||10%||true&#8221; padding_2_last_edited=&#8221;on|tablet&#8221; _builder_version=&#8221;3.22&#8243; inner_width=&#8221;100%&#8221; inner_max_width=&#8221;100%&#8221; custom_padding=&#8221;0|101px|120px|0px|false|false&#8221; bottom_divider_style=&#8221;ramp&#8221; use_custom_width=&#8221;on&#8221; width_unit=&#8221;off&#8221; custom_width_percent=&#8221;100%&#8221; fb_built=&#8221;1&#8243; _i=&#8221;1&#8243; _address=&#8221;1&#8243;][et_pb_column type=&#8221;1_3&#8243; _builder_version=&#8221;3.25&#8243; custom_padding=&#8221;|||&#8221; _i=&#8221;0&#8243; _address=&#8221;1.0&#8243; custom_padding__hover=&#8221;|||&#8221;][et_pb_image src=&#8221;https:\/\/irismundial.ca\/wp-content\/uploads\/2020\/06\/FODES.png&#8221; force_fullwidth=&#8221;on&#8221; align_tablet=&#8221;center&#8221; align_last_edited=&#8221;on|desktop&#8221; _builder_version=&#8221;3.27.4&#8243; border_radii=&#8221;on|8px|8px|8px|8px&#8221; box_shadow_style=&#8221;preset2&#8243; box_shadow_horizontal=&#8221;-80px&#8221; box_shadow_vertical=&#8221;42px&#8221; box_shadow_blur=&#8221;80px&#8221; animation_style=&#8221;slide&#8221; animation_direction=&#8221;left&#8221; animation_intensity_slide=&#8221;10%&#8221; locked=&#8221;off&#8221; _i=&#8221;0&#8243; _address=&#8221;1.0.0&#8243;][\/et_pb_image][\/et_pb_column][et_pb_column type=&#8221;2_3&#8243; specialty_columns=&#8221;2&#8243; _builder_version=&#8221;3.25&#8243; custom_padding=&#8221;|||&#8221; padding_tablet=&#8221;|10%||10%||true&#8221; padding_last_edited=&#8221;on|tablet&#8221; _i=&#8221;1&#8243; _address=&#8221;1.1&#8243; custom_padding__hover=&#8221;|||&#8221;][et_pb_row_inner _builder_version=&#8221;3.25&#8243; custom_padding=&#8221;48.7188px|0px|0|0px|false|false&#8221; _i=&#8221;0&#8243; _address=&#8221;1.1.0&#8243;][et_pb_column_inner saved_specialty_column_type=&#8221;2_3&#8243; _builder_version=&#8221;3.25&#8243; custom_padding=&#8221;|||&#8221; _i=&#8221;0&#8243; _address=&#8221;1.1.0.0&#8243; custom_padding__hover=&#8221;|||&#8221;][et_pb_text _builder_version=&#8221;3.27.4&#8243; text_font=&#8221;||||||||&#8221; header_font=&#8221;||||||||&#8221; header_2_font=&#8221;Lora|700|||||||&#8221; header_2_font_size=&#8221;35px&#8221; header_2_line_height=&#8221;1.5em&#8221; header_5_font=&#8221;Oswald|||on|||||&#8221; header_5_text_color=&#8221;rgba(0,0,0,0.4)&#8221; header_5_font_size=&#8221;25px&#8221; header_5_letter_spacing=&#8221;3px&#8221; header_5_line_height=&#8221;1.7em&#8221; text_orientation=&#8221;center&#8221; max_width=&#8221;600px&#8221; module_alignment=&#8221;center&#8221; min_height=&#8221;157px&#8221; custom_padding=&#8221;1px|||||&#8221; link_option_url=&#8221;https:\/\/www.fodes5.org\/&#8221; hover_enabled=&#8221;0&#8243; text_line_height_last_edited=&#8221;off|desktop&#8221; header_2_font_size_phone=&#8221;36px&#8221; header_2_font_size_last_edited=&#8221;on|desktop&#8221; locked=&#8221;off&#8221; _i=&#8221;0&#8243; _address=&#8221;1.1.0.0.0&#8243;]<\/p>\n<h5>Fondation pour le D\u00e9veloppement \u00e9conomique et social (FODES-5)<\/h5>\n<h2>Haiti &#8211; Labrousse<\/h2>\n<p>[\/et_pb_text][\/et_pb_column_inner][\/et_pb_row_inner][et_pb_row_inner _builder_version=&#8221;3.25&#8243; _i=&#8221;1&#8243; _address=&#8221;1.1.1&#8243;][et_pb_column_inner saved_specialty_column_type=&#8221;2_3&#8243; _builder_version=&#8221;3.25&#8243; custom_padding=&#8221;|||&#8221; _i=&#8221;0&#8243; _address=&#8221;1.1.1.0&#8243; custom_padding__hover=&#8221;|||&#8221;][et_pb_text _builder_version=&#8221;3.27.4&#8243; text_font=&#8221;Lora||||||||&#8221; text_font_size=&#8221;16px&#8221; custom_margin=&#8221;-33px|||||&#8221; _i=&#8221;0&#8243; _address=&#8221;1.1.1.0.0&#8243;]<\/p>\n<p>The\u00a0<a href=\"https:\/\/www.fodes5.org\/\">Fondation pour le D\u00e9veloppement \u00c9conomique et Social (FODES-5)\u00a0<\/a>is IRIS Mundial\u2019s first partner. FODES-5 members are working hard to improve the quality of life for their population. FODES-5 is a private, philantropic, non-religious, non-political and non-profit Haitian organization working in five bordering communal sections distributed in four geographical departments. FODES-5 mission is to promote the economic, social and cultural development within its area of intervention, helping the local populations in developing economical strategies and basic social services to improve their quality of life. The population in the area of intervention is estimated at 48,000 people.<\/p>\n<p>[\/et_pb_text][\/et_pb_column_inner][\/et_pb_row_inner][\/et_pb_column][\/et_pb_section][et_pb_section fb_built=&#8221;1&#8243; specialty=&#8221;on&#8221; next_background_color=&#8221;#000000&#8243; padding_2_tablet=&#8221;|10%||10%||true&#8221; padding_2_last_edited=&#8221;on|tablet&#8221; _builder_version=&#8221;3.22&#8243; inner_width=&#8221;100%&#8221; inner_max_width=&#8221;100%&#8221; custom_padding=&#8221;0|101px|120px|0px|false|false&#8221; bottom_divider_style=&#8221;ramp&#8221; use_custom_width=&#8221;on&#8221; width_unit=&#8221;off&#8221; custom_width_percent=&#8221;100%&#8221; locked=&#8221;off&#8221; fb_built=&#8221;1&#8243; _i=&#8221;2&#8243; _address=&#8221;2&#8243;][et_pb_column type=&#8221;1_3&#8243; _builder_version=&#8221;3.25&#8243; custom_padding=&#8221;|||&#8221; _i=&#8221;0&#8243; _address=&#8221;2.0&#8243; custom_padding__hover=&#8221;|||&#8221;][et_pb_image src=&#8221;https:\/\/irismundial.ca\/wp-content\/uploads\/2020\/06\/CEDI-VE.jpg&#8221; url=&#8221;https:\/\/www.facebook.com\/CediVillageDeLEspoirHaiti?ref=ts&amp;fref=ts&#8221; force_fullwidth=&#8221;on&#8221; align_tablet=&#8221;center&#8221; align_last_edited=&#8221;on|desktop&#8221; _builder_version=&#8221;3.27.4&#8243; border_radii=&#8221;on|8px|8px|8px|8px&#8221; box_shadow_style=&#8221;preset2&#8243; box_shadow_horizontal=&#8221;-80px&#8221; box_shadow_vertical=&#8221;42px&#8221; box_shadow_blur=&#8221;80px&#8221; animation_style=&#8221;slide&#8221; animation_direction=&#8221;left&#8221; animation_intensity_slide=&#8221;10%&#8221; locked=&#8221;off&#8221; _i=&#8221;0&#8243; _address=&#8221;2.0.0&#8243;][\/et_pb_image][\/et_pb_column][et_pb_column type=&#8221;2_3&#8243; specialty_columns=&#8221;2&#8243; _builder_version=&#8221;3.25&#8243; custom_padding=&#8221;|||&#8221; padding_tablet=&#8221;|10%||10%||true&#8221; padding_last_edited=&#8221;on|tablet&#8221; _i=&#8221;1&#8243; _address=&#8221;2.1&#8243; custom_padding__hover=&#8221;|||&#8221;][et_pb_row_inner _builder_version=&#8221;3.25&#8243; custom_padding=&#8221;48.7188px|0px|0|0px|false|false&#8221; _i=&#8221;0&#8243; _address=&#8221;2.1.0&#8243;][et_pb_column_inner saved_specialty_column_type=&#8221;2_3&#8243; _builder_version=&#8221;3.25&#8243; custom_padding=&#8221;|||&#8221; _i=&#8221;0&#8243; _address=&#8221;2.1.0.0&#8243; custom_padding__hover=&#8221;|||&#8221;][et_pb_text _builder_version=&#8221;3.27.4&#8243; text_font=&#8221;||||||||&#8221; header_font=&#8221;||||||||&#8221; header_2_font=&#8221;Lora|700|||||||&#8221; header_2_font_size=&#8221;35px&#8221; header_2_line_height=&#8221;1.5em&#8221; header_5_font=&#8221;Oswald|||on|||||&#8221; header_5_text_color=&#8221;rgba(0,0,0,0.4)&#8221; header_5_font_size=&#8221;25px&#8221; header_5_letter_spacing=&#8221;3px&#8221; header_5_line_height=&#8221;1.7em&#8221; text_orientation=&#8221;center&#8221; max_width=&#8221;600px&#8221; module_alignment=&#8221;center&#8221; min_height=&#8221;157px&#8221; custom_padding=&#8221;1px|||||&#8221; link_option_url=&#8221;https:\/\/www.facebook.com\/CediVillageDeLEspoirHaiti?ref=ts&amp;fref=ts&#8221; hover_enabled=&#8221;0&#8243; text_line_height_last_edited=&#8221;off|desktop&#8221; header_2_font_size_phone=&#8221;36px&#8221; header_2_font_size_last_edited=&#8221;on|desktop&#8221; locked=&#8221;off&#8221; _i=&#8221;0&#8243; _address=&#8221;2.1.0.0.0&#8243;]<\/p>\n<h5>Centre d\u2019\u00c9ducation et de D\u00e9veloppement int\u00e9gr\u00e9- Village de l\u2019Espoir (CEDI-VE)<\/h5>\n<h2>Haiti &#8211; Limb\u00e9<\/h2>\n<p>[\/et_pb_text][\/et_pb_column_inner][\/et_pb_row_inner][et_pb_row_inner _builder_version=&#8221;3.25&#8243; _i=&#8221;1&#8243; _address=&#8221;2.1.1&#8243;][et_pb_column_inner saved_specialty_column_type=&#8221;2_3&#8243; _builder_version=&#8221;3.25&#8243; custom_padding=&#8221;|||&#8221; _i=&#8221;0&#8243; _address=&#8221;2.1.1.0&#8243; custom_padding__hover=&#8221;|||&#8221;][et_pb_text _builder_version=&#8221;3.27.4&#8243; text_font=&#8221;Lora||||||||&#8221; text_font_size=&#8221;16px&#8221; custom_margin=&#8221;-33px|||||&#8221; _i=&#8221;0&#8243; _address=&#8221;2.1.1.0.0&#8243;]<\/p>\n<p>The close collaboration between\u00a0<a href=\"https:\/\/www.facebook.com\/CediVillageDeLEspoirHaiti?ref=ts&amp;fref=ts\">CEDI-VE\u00a0<\/a>\u00a0and IRIS Mundial began with the implementation of the second permanent program in Limbe. The great determination of the organization\u2019s members makes it an exceptional partner! CEDI-VE\u00a0is a non-profit institution whose mission is to improve<em>\u00a0<\/em>the lives of children, youth, women and the disadvantaged population of the Limbe region, in the north of Haiti. The organization works with the participation of everyone without exclusion, to promote self-sufficiency and social inclusion within the Haitian community. The main areas of intervention are health, education, agri-food, water accessibility and management, protection of the environment and social mobilization.<\/p>\n<p>[\/et_pb_text][\/et_pb_column_inner][\/et_pb_row_inner][\/et_pb_column][\/et_pb_section][et_pb_section fb_built=&#8221;1&#8243; next_background_color=&#8221;#000000&#8243; admin_label=&#8221;Listings&#8221; _builder_version=&#8221;3.22&#8243; custom_padding=&#8221;3px||120px||false|false&#8221; bottom_divider_style=&#8221;ramp&#8221; bottom_divider_flip=&#8221;horizontal&#8221; animation_style=&#8221;fade&#8221; animation_delay=&#8221;200ms&#8221; fb_built=&#8221;1&#8243; _i=&#8221;0&#8243; _address=&#8221;0&#8243;][et_pb_row _builder_version=&#8221;3.25&#8243; _i=&#8221;0&#8243; _address=&#8221;0.0&#8243; custom_padding=&#8221;0px|||||&#8221; custom_margin=&#8221;20px|auto||auto||&#8221;][et_pb_column type=&#8221;4_4&#8243; _builder_version=&#8221;3.25&#8243; custom_padding=&#8221;|||&#8221; _i=&#8221;0&#8243; _address=&#8221;0.0.0&#8243; custom_padding__hover=&#8221;|||&#8221;][et_pb_text admin_label=&#8221;Statistics Section Title&#8221; _builder_version=&#8221;3.27.4&#8243; text_font=&#8221;Lora|700|||||||&#8221; text_font_size=&#8221;60px&#8221; text_line_height=&#8221;1.5em&#8221; header_font=&#8221;Lora|700|||||||&#8221; header_text_color=&#8221;#1f1f1f&#8221; header_font_size=&#8221;60px&#8221; header_line_height=&#8221;1.5em&#8221; text_orientation=&#8221;center&#8221; max_width=&#8221;710px&#8221; module_alignment=&#8221;center&#8221; animation_style=&#8221;fold&#8221; animation_direction=&#8221;bottom&#8221; animation_intensity_fold=&#8221;20%&#8221; inline_fonts=&#8221;Lora&#8221; _i=&#8221;0&#8243; _address=&#8221;1.0.0.0&#8243; locked=&#8221;off&#8221;]<\/p>\n<h1><strong><span style=\"font-family: Lora;\">Other partners<\/span><\/strong>\u00a0<\/h1>\n<p>[\/et_pb_text][\/et_pb_column][\/et_pb_row][et_pb_row _builder_version=&#8221;3.25&#8243; _i=&#8221;0&#8243; _address=&#8221;0.0&#8243; custom_padding=&#8221;0px|||||&#8221;][et_pb_column type=&#8221;4_4&#8243; _builder_version=&#8221;3.25&#8243; custom_padding=&#8221;|||&#8221; _i=&#8221;0&#8243; _address=&#8221;0.0.0&#8243; custom_padding__hover=&#8221;|||&#8221;][et_pb_text _builder_version=&#8221;3.27.4&#8243; text_font=&#8221;Lora||||||||&#8221; text_font_size=&#8221;18px&#8221; text_line_height=&#8221;2em&#8221; hover_enabled=&#8221;0&#8243; custom_padding=&#8221;0px|||||&#8221;]<\/p>\n<ul>\n<li>\n<p>Clinique Vision Plus<\/p>\n<\/li>\n<li>\n<p>Clinique Orlo<\/p>\n<\/li>\n<li>\n<p>Comit\u00e9 national de Pr\u00e9vention de la C\u00e9cit\u00e9 (CNPC)<\/p>\n<\/li>\n<li>\n<p>H\u00f4pital Sainte-Th\u00e9r\u00e8se of Mirago\u00e2ne<\/p>\n<\/li>\n<li>\n<p>Soci\u00e9t\u00e9 ha\u00eftienne d\u2019Ophtalmologie.<\/p>\n<p>&nbsp;<\/p>\n<\/li>\n<\/ul>\n<p>[\/et_pb_text][\/et_pb_column][\/et_pb_row][\/et_pb_section]<\/p>\n","protected":false},"excerpt":{"rendered":"<p>Fondation pour le D\u00e9veloppement \u00e9conomique et social (FODES-5) Haiti &#8211; LabrousseThe\u00a0Fondation pour le D\u00e9veloppement \u00c9conomique et Social (FODES-5)\u00a0is IRIS Mundial\u2019s first partner. FODES-5 members are working hard to improve the quality of life for their population. FODES-5 is a private, philantropic, non-religious, non-political and non-profit Haitian organization working in five bordering communal sections distributed in [&hellip;]<\/p>\n","protected":false},"author":3,"featured_media":0,"parent":8940,"menu_order":0,"comment_status":"closed","ping_status":"closed","template":"","meta":{"_et_pb_use_builder":"on","_et_pb_old_content":"","_et_gb_content_width":"","footnotes":""},"class_list":["post-8982","page","type-page","status-publish","hentry"],"yoast_head":"<!-- This site is optimized with the Yoast SEO plugin v27.1.1 - https:\/\/yoast.com\/product\/yoast-seo-wordpress\/ -->\n<title>Partners in Haiti | IRIS Mundial<\/title>\n<meta name=\"robots\" content=\"index, follow, max-snippet:-1, max-image-preview:large, max-video-preview:-1\" \/>\n<link rel=\"canonical\" href=\"https:\/\/irismundial.ca\/a-propos\/nos-partenaires\/partenaires-operationnels-a-letranger\/partenaires-etrangers-haiti\/\" \/>\n<meta property=\"og:locale\" content=\"en_US\" \/>\n<meta property=\"og:type\" content=\"article\" \/>\n<meta property=\"og:title\" content=\"Partners in Haiti | IRIS Mundial\" \/>\n<meta property=\"og:description\" content=\"Fondation pour le D\u00e9veloppement \u00e9conomique et social (FODES-5) Haiti - LabrousseThe\u00a0Fondation pour le D\u00e9veloppement \u00c9conomique et Social (FODES-5)\u00a0is IRIS Mundial\u2019s first partner. FODES-5 members are working hard to improve the quality of life for their population. FODES-5 is a private, philantropic, non-religious, non-political and non-profit Haitian organization working in five bordering communal sections distributed in [&hellip;]\" \/>\n<meta property=\"og:url\" content=\"https:\/\/irismundial.ca\/a-propos\/nos-partenaires\/partenaires-operationnels-a-letranger\/partenaires-etrangers-haiti\/\" \/>\n<meta property=\"og:site_name\" content=\"IRIS Mundial\" \/>\n<meta property=\"article:publisher\" content=\"https:\/\/www.facebook.com\/irismundial\/\" \/>\n<meta property=\"article:modified_time\" content=\"2020-09-21T16:14:46+00:00\" \/>\n<meta property=\"og:image\" content=\"https:\/\/irismundial.ca\/wp-content\/uploads\/2021\/08\/IRIS-Mundial-Logo.png\" \/>\n\t<meta property=\"og:image:width\" content=\"1091\" \/>\n\t<meta property=\"og:image:height\" content=\"355\" \/>\n\t<meta property=\"og:image:type\" content=\"image\/png\" \/>\n<meta name=\"twitter:label1\" content=\"Est. reading time\" \/>\n\t<meta name=\"twitter:data1\" content=\"8 minutes\" \/>\n<script type=\"application\/ld+json\" class=\"yoast-schema-graph\">{\"@context\":\"https:\/\/schema.org\",\"@graph\":[{\"@type\":\"WebPage\",\"@id\":\"https:\/\/irismundial.ca\/a-propos\/nos-partenaires\/partenaires-operationnels-a-letranger\/partenaires-etrangers-haiti\/\",\"url\":\"https:\/\/irismundial.ca\/a-propos\/nos-partenaires\/partenaires-operationnels-a-letranger\/partenaires-etrangers-haiti\/\",\"name\":\"Partners in Haiti | IRIS Mundial\",\"isPartOf\":{\"@id\":\"https:\/\/irismundial.ca\/#website\"},\"datePublished\":\"2020-06-30T18:28:59+00:00\",\"dateModified\":\"2020-09-21T16:14:46+00:00\",\"breadcrumb\":{\"@id\":\"https:\/\/irismundial.ca\/a-propos\/nos-partenaires\/partenaires-operationnels-a-letranger\/partenaires-etrangers-haiti\/#breadcrumb\"},\"inLanguage\":\"en-US\",\"potentialAction\":[{\"@type\":\"ReadAction\",\"target\":[\"https:\/\/irismundial.ca\/a-propos\/nos-partenaires\/partenaires-operationnels-a-letranger\/partenaires-etrangers-haiti\/\"]}]},{\"@type\":\"BreadcrumbList\",\"@id\":\"https:\/\/irismundial.ca\/a-propos\/nos-partenaires\/partenaires-operationnels-a-letranger\/partenaires-etrangers-haiti\/#breadcrumb\",\"itemListElement\":[{\"@type\":\"ListItem\",\"position\":1,\"name\":\"Home\",\"item\":\"https:\/\/irismundial.ca\/\"},{\"@type\":\"ListItem\",\"position\":2,\"name\":\"About\",\"item\":\"https:\/\/irismundial.ca\/a-propos\/\"},{\"@type\":\"ListItem\",\"position\":3,\"name\":\"Our partners\",\"item\":\"https:\/\/irismundial.ca\/a-propos\/nos-partenaires\/\"},{\"@type\":\"ListItem\",\"position\":4,\"name\":\"Operational partners abroad\",\"item\":\"https:\/\/irismundial.ca\/a-propos\/nos-partenaires\/partenaires-operationnels-a-letranger\/\"},{\"@type\":\"ListItem\",\"position\":5,\"name\":\"Partners in Haiti\"}]},{\"@type\":\"WebSite\",\"@id\":\"https:\/\/irismundial.ca\/#website\",\"url\":\"https:\/\/irismundial.ca\/\",\"name\":\"IRIS Mundial\",\"description\":\"It&#039;s our mission for eyes in need\",\"publisher\":{\"@id\":\"https:\/\/irismundial.ca\/#organization\"},\"potentialAction\":[{\"@type\":\"SearchAction\",\"target\":{\"@type\":\"EntryPoint\",\"urlTemplate\":\"https:\/\/irismundial.ca\/?s={search_term_string}\"},\"query-input\":{\"@type\":\"PropertyValueSpecification\",\"valueRequired\":true,\"valueName\":\"search_term_string\"}}],\"inLanguage\":\"en-US\"},{\"@type\":\"Organization\",\"@id\":\"https:\/\/irismundial.ca\/#organization\",\"name\":\"IRIS MUNDIAL\",\"url\":\"https:\/\/irismundial.ca\/\",\"logo\":{\"@type\":\"ImageObject\",\"inLanguage\":\"en-US\",\"@id\":\"https:\/\/irismundial.ca\/#\/schema\/logo\/image\/\",\"url\":\"https:\/\/irismundial.ca\/wp-content\/uploads\/2021\/11\/New-logo-blog.png\",\"contentUrl\":\"https:\/\/irismundial.ca\/wp-content\/uploads\/2021\/11\/New-logo-blog.png\",\"width\":1637,\"height\":920,\"caption\":\"IRIS MUNDIAL\"},\"image\":{\"@id\":\"https:\/\/irismundial.ca\/#\/schema\/logo\/image\/\"},\"sameAs\":[\"https:\/\/www.facebook.com\/irismundial\/\"]}]}<\/script>\n<!-- \/ Yoast SEO plugin. -->","yoast_head_json":{"title":"Partners in Haiti | IRIS Mundial","robots":{"index":"index","follow":"follow","max-snippet":"max-snippet:-1","max-image-preview":"max-image-preview:large","max-video-preview":"max-video-preview:-1"},"canonical":"https:\/\/irismundial.ca\/a-propos\/nos-partenaires\/partenaires-operationnels-a-letranger\/partenaires-etrangers-haiti\/","og_locale":"en_US","og_type":"article","og_title":"Partners in Haiti | IRIS Mundial","og_description":"Fondation pour le D\u00e9veloppement \u00e9conomique et social (FODES-5) Haiti - LabrousseThe\u00a0Fondation pour le D\u00e9veloppement \u00c9conomique et Social (FODES-5)\u00a0is IRIS Mundial\u2019s first partner. FODES-5 members are working hard to improve the quality of life for their population. FODES-5 is a private, philantropic, non-religious, non-political and non-profit Haitian organization working in five bordering communal sections distributed in [&hellip;]","og_url":"https:\/\/irismundial.ca\/a-propos\/nos-partenaires\/partenaires-operationnels-a-letranger\/partenaires-etrangers-haiti\/","og_site_name":"IRIS Mundial","article_publisher":"https:\/\/www.facebook.com\/irismundial\/","article_modified_time":"2020-09-21T16:14:46+00:00","og_image":[{"width":1091,"height":355,"url":"https:\/\/irismundial.ca\/wp-content\/uploads\/2021\/08\/IRIS-Mundial-Logo.png","type":"image\/png"}],"twitter_misc":{"Est. reading time":"8 minutes"},"schema":{"@context":"https:\/\/schema.org","@graph":[{"@type":"WebPage","@id":"https:\/\/irismundial.ca\/a-propos\/nos-partenaires\/partenaires-operationnels-a-letranger\/partenaires-etrangers-haiti\/","url":"https:\/\/irismundial.ca\/a-propos\/nos-partenaires\/partenaires-operationnels-a-letranger\/partenaires-etrangers-haiti\/","name":"Partners in Haiti | IRIS Mundial","isPartOf":{"@id":"https:\/\/irismundial.ca\/#website"},"datePublished":"2020-06-30T18:28:59+00:00","dateModified":"2020-09-21T16:14:46+00:00","breadcrumb":{"@id":"https:\/\/irismundial.ca\/a-propos\/nos-partenaires\/partenaires-operationnels-a-letranger\/partenaires-etrangers-haiti\/#breadcrumb"},"inLanguage":"en-US","potentialAction":[{"@type":"ReadAction","target":["https:\/\/irismundial.ca\/a-propos\/nos-partenaires\/partenaires-operationnels-a-letranger\/partenaires-etrangers-haiti\/"]}]},{"@type":"BreadcrumbList","@id":"https:\/\/irismundial.ca\/a-propos\/nos-partenaires\/partenaires-operationnels-a-letranger\/partenaires-etrangers-haiti\/#breadcrumb","itemListElement":[{"@type":"ListItem","position":1,"name":"Home","item":"https:\/\/irismundial.ca\/"},{"@type":"ListItem","position":2,"name":"About","item":"https:\/\/irismundial.ca\/a-propos\/"},{"@type":"ListItem","position":3,"name":"Our partners","item":"https:\/\/irismundial.ca\/a-propos\/nos-partenaires\/"},{"@type":"ListItem","position":4,"name":"Operational partners abroad","item":"https:\/\/irismundial.ca\/a-propos\/nos-partenaires\/partenaires-operationnels-a-letranger\/"},{"@type":"ListItem","position":5,"name":"Partners in Haiti"}]},{"@type":"WebSite","@id":"https:\/\/irismundial.ca\/#website","url":"https:\/\/irismundial.ca\/","name":"IRIS Mundial","description":"It&#039;s our mission for eyes in need","publisher":{"@id":"https:\/\/irismundial.ca\/#organization"},"potentialAction":[{"@type":"SearchAction","target":{"@type":"EntryPoint","urlTemplate":"https:\/\/irismundial.ca\/?s={search_term_string}"},"query-input":{"@type":"PropertyValueSpecification","valueRequired":true,"valueName":"search_term_string"}}],"inLanguage":"en-US"},{"@type":"Organization","@id":"https:\/\/irismundial.ca\/#organization","name":"IRIS MUNDIAL","url":"https:\/\/irismundial.ca\/","logo":{"@type":"ImageObject","inLanguage":"en-US","@id":"https:\/\/irismundial.ca\/#\/schema\/logo\/image\/","url":"https:\/\/irismundial.ca\/wp-content\/uploads\/2021\/11\/New-logo-blog.png","contentUrl":"https:\/\/irismundial.ca\/wp-content\/uploads\/2021\/11\/New-logo-blog.png","width":1637,"height":920,"caption":"IRIS MUNDIAL"},"image":{"@id":"https:\/\/irismundial.ca\/#\/schema\/logo\/image\/"},"sameAs":["https:\/\/www.facebook.com\/irismundial\/"]}]}},"_links":{"self":[{"href":"https:\/\/irismundial.ca\/en\/wp-json\/wp\/v2\/pages\/8982","targetHints":{"allow":["GET"]}}],"collection":[{"href":"https:\/\/irismundial.ca\/en\/wp-json\/wp\/v2\/pages"}],"about":[{"href":"https:\/\/irismundial.ca\/en\/wp-json\/wp\/v2\/types\/page"}],"author":[{"embeddable":true,"href":"https:\/\/irismundial.ca\/en\/wp-json\/wp\/v2\/users\/3"}],"replies":[{"embeddable":true,"href":"https:\/\/irismundial.ca\/en\/wp-json\/wp\/v2\/comments?post=8982"}],"version-history":[{"count":5,"href":"https:\/\/irismundial.ca\/en\/wp-json\/wp\/v2\/pages\/8982\/revisions"}],"predecessor-version":[{"id":8987,"href":"https:\/\/irismundial.ca\/en\/wp-json\/wp\/v2\/pages\/8982\/revisions\/8987"}],"up":[{"embeddable":true,"href":"https:\/\/irismundial.ca\/en\/wp-json\/wp\/v2\/pages\/8940"}],"wp:attachment":[{"href":"https:\/\/irismundial.ca\/en\/wp-json\/wp\/v2\/media?parent=8982"}],"curies":[{"name":"wp","href":"https:\/\/api.w.org\/{rel}","templated":true}]}}