{"id":9466,"date":"2020-08-03T16:18:34","date_gmt":"2020-08-03T20:18:34","guid":{"rendered":"https:\/\/irismundial.ca\/our-work\/what-we-do\/special-projects\/"},"modified":"2026-01-15T17:20:25","modified_gmt":"2026-01-15T22:20:25","slug":"special-projects","status":"publish","type":"page","link":"https:\/\/irismundial.ca\/en\/our-work\/what-we-do\/special-projects\/","title":{"rendered":"Special projects"},"content":{"rendered":"<p>[et_pb_section fb_built=&#8221;1&#8243; fullwidth=&#8221;on&#8221; next_background_color=&#8221;#ffffff&#8221; admin_label=&#8221;Header Section&#8221; _builder_version=&#8221;4.16&#8243; background_color=&#8221;#000000&#8243; bottom_divider_style=&#8221;ramp&#8221; bottom_divider_flip=&#8221;horizontal&#8221; global_colors_info=&#8221;{}&#8221;][et_pb_fullwidth_header title=&#8221;What we do&#8221; subhead=&#8221;Special projects&#8221; text_orientation=&#8221;center&#8221; button_one_text=&#8221;Get involved&#8221; button_one_url=&#8221;https:\/\/irismundial.ca\/en\/get-involved\/&#8221; button_two_text=&#8221;Donate now&#8221; button_two_url=&#8221;https:\/\/irismundial.ca\/en\/donate-now\/&#8221; _builder_version=&#8221;4.16&#8243; title_font=&#8221;Oswald|||on|||||&#8221; title_font_size=&#8221;20px&#8221; title_letter_spacing=&#8221;3px&#8221; title_line_height=&#8221;1.5em&#8221; content_font=&#8221;Lora||||||||&#8221; content_font_size=&#8221;22px&#8221; content_line_height=&#8221;2em&#8221; subhead_font=&#8221;Lora|700|||||||&#8221; subhead_font_size=&#8221;60px&#8221; background_color=&#8221;rgba(255,255,255,0)&#8221; background_image=&#8221;https:\/\/irismundial.ca\/wp-content\/uploads\/2020\/08\/12.jpg&#8221; parallax=&#8221;on&#8221; parallax_method=&#8221;on&#8221; button_one_text_color=&#8221;#ffffff&#8221; button_one_bg_color=&#8221;#9fd4e0&#8243; button_one_border_width=&#8221;15px&#8221; button_one_border_color=&#8221;rgba(210,159,104,0)&#8221; button_one_border_radius=&#8221;100px&#8221; button_one_letter_spacing=&#8221;3px&#8221; button_one_font=&#8221;Oswald|||on|||||&#8221; button_two_bg_color=&#8221;rgba(255,255,255,0.35)&#8221; button_two_border_width=&#8221;15px&#8221; button_two_border_radius=&#8221;100px&#8221; button_two_letter_spacing=&#8221;3px&#8221; button_two_font=&#8221;Oswald|||on|||||&#8221; custom_padding=&#8221;90px||90px||true&#8221; animation_style=&#8221;zoom&#8221; animation_duration=&#8221;2000ms&#8221; animation_intensity_zoom=&#8221;4%&#8221; title_text_shadow_style=&#8221;preset5&#8243; subhead_text_shadow_style=&#8221;preset5&#8243; button_one_border_radius_hover=&#8221;100px&#8221; button_one_bg_color_hover=&#8221;#cc8d66&#8243; button_two_bg_color_hover=&#8221;#d29f68&#8243; global_colors_info=&#8221;{}&#8221; button_one_text_size__hover_enabled=&#8221;off&#8221; button_two_text_size__hover_enabled=&#8221;off&#8221; button_one_text_color__hover_enabled=&#8221;off&#8221; button_two_text_color__hover_enabled=&#8221;off&#8221; button_one_border_width__hover_enabled=&#8221;off&#8221; button_two_border_width__hover_enabled=&#8221;off&#8221; button_one_border_color__hover_enabled=&#8221;off&#8221; button_two_border_color__hover_enabled=&#8221;off&#8221; button_one_border_radius__hover_enabled=&#8221;on&#8221; button_one_border_radius__hover=&#8221;100px&#8221; button_two_border_radius__hover_enabled=&#8221;off&#8221; button_one_letter_spacing__hover_enabled=&#8221;off&#8221; button_two_letter_spacing__hover_enabled=&#8221;off&#8221; button_one_bg_color__hover=&#8221;rgba(177,215,224,0.47)&#8221; button_two_bg_color__hover=&#8221;#9fd4e0&#8243; button_one_bg_enable_color__hover=&#8221;on&#8221; button_two_bg_enable_color__hover=&#8221;on&#8221;][\/et_pb_fullwidth_header][\/et_pb_section][et_pb_section fb_built=&#8221;1&#8243; admin_label=&#8221;About Section&#8221; _builder_version=&#8221;4.16&#8243; custom_padding=&#8221;43px|0px|0px|0px|false|false&#8221; animation_style=&#8221;fold&#8221; animation_intensity_fold=&#8221;16%&#8221; global_colors_info=&#8221;{}&#8221;][et_pb_row column_structure=&#8221;1_2,1_2&#8243; use_custom_gutter=&#8221;on&#8221; gutter_width=&#8221;1&#8243; disabled_on=&#8221;off|off|off&#8221; admin_label=&#8221;Involvements Row&#8221; _builder_version=&#8221;4.27.5&#8243; background_enable_image=&#8221;off&#8221; background_size=&#8221;stretch&#8221; max_width=&#8221;1280px&#8221; min_height=&#8221;607px&#8221; custom_margin=&#8221;|auto|-96px|auto|false|false&#8221; custom_padding=&#8221;0px|0px|0px|0px|false|false&#8221; animation_style=&#8221;flip&#8221; animation_direction=&#8221;left&#8221; animation_intensity_flip=&#8221;40%&#8221; hover_enabled=&#8221;0&#8243; use_custom_width=&#8221;on&#8221; custom_width_px=&#8221;1280px&#8221; global_colors_info=&#8221;{}&#8221; sticky_enabled=&#8221;0&#8243;][et_pb_column type=&#8221;1_2&#8243; _builder_version=&#8221;4.27.5&#8243; background_color=&#8221;#61938f&#8221; background_image=&#8221;https:\/\/irismundial.ca\/wp-content\/uploads\/2023\/03\/Coaching_Veronique.jpg&#8221; background_size=&#8221;stretch&#8221; background_position=&#8221;bottom_center&#8221; custom_padding=&#8221;80px|5%|383px|5%|false|false&#8221; hover_enabled=&#8221;0&#8243; global_colors_info=&#8221;{}&#8221; custom_padding__hover=&#8221;|||&#8221; title_text=&#8221;Coaching_V\u00e9ronique&#8221; sticky_enabled=&#8221;0&#8243;][\/et_pb_column][et_pb_column type=&#8221;1_2&#8243; _builder_version=&#8221;4.20.4&#8243; background_color=&#8221;#9fd4e0&#8243; custom_padding=&#8221;80px|5%|20px|5%|false|false&#8221; global_colors_info=&#8221;{}&#8221; custom_padding__hover=&#8221;|||&#8221;][et_pb_text admin_label=&#8221;Involvement Title &#038; Description&#8221; _builder_version=&#8221;4.20.4&#8243; text_font=&#8221;Lora||||||||&#8221; text_font_size=&#8221;18px&#8221; text_line_height=&#8221;2em&#8221; header_2_font=&#8221;||||||||&#8221; header_3_font=&#8221;Lora|700|||||||&#8221; header_3_font_size=&#8221;34px&#8221; header_3_line_height=&#8221;1.5em&#8221; header_5_font=&#8221;Oswald|||on|||||&#8221; header_5_text_color=&#8221;#333333&#8243; header_5_letter_spacing=&#8221;3px&#8221; background_layout=&#8221;dark&#8221; module_alignment=&#8221;center&#8221; custom_margin=&#8221;-32px||30px||false|false&#8221; text_line_height_last_edited=&#8221;off|desktop&#8221; global_colors_info=&#8221;{}&#8221;]<\/p>\n<h5>Special projects<\/h5>\n<h3><strong>Internship for UdeM Optometry students and residents<\/strong><\/h3>\n<p>Since 2017, IRIS Mundial has been organizing credited internships for the students of the Universit\u00e9 de Montr\u00e9al School of Optometry.<\/p>\n<p>[\/et_pb_text][et_pb_button button_url=&#8221;https:\/\/irismundial.ca\/en\/our-work\/what-we-do\/special-projects\/internship-for-udem-optometry-students\/&#8221; button_text=&#8221;Learn more&#8221; _builder_version=&#8221;4.16&#8243; custom_button=&#8221;on&#8221; button_text_color=&#8221;#ffffff&#8221; locked=&#8221;off&#8221; global_colors_info=&#8221;{}&#8221;][\/et_pb_button][\/et_pb_column][\/et_pb_row][et_pb_row column_structure=&#8221;1_2,1_2&#8243; use_custom_gutter=&#8221;on&#8221; gutter_width=&#8221;1&#8243; disabled_on=&#8221;off|off|off&#8221; admin_label=&#8221;Involvements Row&#8221; _builder_version=&#8221;4.27.5&#8243; background_image=&#8221;https:\/\/irismundial.ca\/wp-content\/uploads\/2024\/12\/Image-couverture-Cuba.jpg&#8221; background_size=&#8221;contain&#8221; background_position=&#8221;top_left&#8221; background_horizontal_offset=&#8221;100%&#8221; background_vertical_offset=&#8221;100%&#8221; max_width=&#8221;1280px&#8221; min_height=&#8221;362px&#8221; custom_margin=&#8221;-20px|auto|-42px|auto|false|false&#8221; custom_padding=&#8221;0px|0px|0px|0px|false|false&#8221; animation_style=&#8221;flip&#8221; animation_direction=&#8221;left&#8221; animation_intensity_flip=&#8221;40%&#8221; hover_enabled=&#8221;0&#8243; use_custom_width=&#8221;on&#8221; custom_width_px=&#8221;1280px&#8221; global_colors_info=&#8221;{}&#8221; sticky_enabled=&#8221;0&#8243; title_text=&#8221;Image couverture Cuba&#8221;][et_pb_column type=&#8221;1_2&#8243; _builder_version=&#8221;4.27.5&#8243; background_color=&#8221;#9fd4e0&#8243; background_enable_image=&#8221;off&#8221; custom_padding=&#8221;0px|5%|22px|5%|false|false&#8221; hover_enabled=&#8221;0&#8243; global_colors_info=&#8221;{}&#8221; custom_padding__hover=&#8221;|||&#8221; sticky_enabled=&#8221;0&#8243;][et_pb_text admin_label=&#8221;Involvement Title &#038; Description&#8221; _builder_version=&#8221;4.27.5&#8243; text_font=&#8221;Lora||||||||&#8221; text_font_size=&#8221;18px&#8221; text_line_height=&#8221;2em&#8221; header_2_font=&#8221;||||||||&#8221; header_3_font=&#8221;Lora|700|||||||&#8221; header_3_font_size=&#8221;34px&#8221; header_3_line_height=&#8221;1.5em&#8221; header_5_font=&#8221;Oswald|||on|||||&#8221; header_5_text_color=&#8221;#333333&#8243; header_5_letter_spacing=&#8221;3px&#8221; background_layout=&#8221;dark&#8221; module_alignment=&#8221;center&#8221; custom_margin=&#8221;36px||30px||false|false&#8221; hover_enabled=&#8221;0&#8243; text_line_height_last_edited=&#8221;off|desktop&#8221; global_colors_info=&#8221;{}&#8221; sticky_enabled=&#8221;0&#8243;]<\/p>\n<h5>Les projets sp\u00e9ciaux<\/h5>\n<h3><strong>Support in optical and ophthalmological equipment, 2024<\/strong><\/h3>\n<p>As part of a special project to provide optical and ophthalmological equipment to Cuba, IRIS Mundial sent several donations in May 2024.<\/p>\n<p>[\/et_pb_text][et_pb_button button_url=&#8221;https:\/\/irismundial.ca\/en\/cuba-a-new-project-a-new-collaboration-and-a-new-destination\/&#8221; button_text=&#8221;Learn more&#8221; _builder_version=&#8221;4.27.5&#8243; custom_button=&#8221;on&#8221; button_text_color=&#8221;#ffffff&#8221; hover_enabled=&#8221;0&#8243; locked=&#8221;off&#8221; global_colors_info=&#8221;{}&#8221; sticky_enabled=&#8221;0&#8243;][\/et_pb_button][\/et_pb_column][et_pb_column type=&#8221;1_2&#8243; _builder_version=&#8221;4.27.5&#8243; background_enable_color=&#8221;off&#8221; background_size=&#8221;initial&#8221; background_position=&#8221;bottom_left&#8221; background_horizontal_offset=&#8221;-100%&#8221; background_vertical_offset=&#8221;-100%&#8221; custom_padding=&#8221;80px|5%|68px|5%|false|false&#8221; hover_enabled=&#8221;0&#8243; global_colors_info=&#8221;{}&#8221; custom_padding__hover=&#8221;|||&#8221; sticky_enabled=&#8221;0&#8243; background_enable_image=&#8221;off&#8221;][\/et_pb_column][\/et_pb_row][et_pb_row column_structure=&#8221;1_2,1_2&#8243; use_custom_gutter=&#8221;on&#8221; gutter_width=&#8221;1&#8243; make_equal=&#8221;on&#8221; admin_label=&#8221;Involvements Row&#8221; _builder_version=&#8221;4.27.5&#8243; max_width=&#8221;1280px&#8221; min_height=&#8221;225.2px&#8221; custom_margin=&#8221;0px|auto|0px|auto|false|false&#8221; custom_padding=&#8221;0px|0px|20px|0px|false|false&#8221; animation_style=&#8221;flip&#8221; animation_direction=&#8221;right&#8221; animation_intensity_flip=&#8221;40%&#8221; hover_enabled=&#8221;0&#8243; use_custom_width=&#8221;on&#8221; custom_width_px=&#8221;1280px&#8221; global_colors_info=&#8221;{}&#8221; sticky_enabled=&#8221;0&#8243;][et_pb_column type=&#8221;1_2&#8243; _builder_version=&#8221;4.20.4&#8243; background_image=&#8221;https:\/\/irismundial.ca\/wp-content\/uploads\/2023\/04\/Mamour-diplome.jpg&#8221; custom_padding=&#8221;80px|5%|60px|5%|false|false&#8221; global_colors_info=&#8221;{}&#8221; custom_padding__hover=&#8221;|||&#8221;][\/et_pb_column][et_pb_column type=&#8221;1_2&#8243; _builder_version=&#8221;4.20.4&#8243; background_color=&#8221;#232220&#8243; custom_padding=&#8221;80px|5%|30px|5%|false|false&#8221; global_colors_info=&#8221;{}&#8221; custom_padding__hover=&#8221;|||&#8221;][et_pb_text admin_label=&#8221;Involvement Title &#038; Description&#8221; _builder_version=&#8221;4.20.4&#8243; text_font=&#8221;Lora||||||||&#8221; text_font_size=&#8221;18px&#8221; text_line_height=&#8221;2em&#8221; header_2_font=&#8221;||||||||&#8221; header_3_font=&#8221;Lora|700|||||||&#8221; header_3_font_size=&#8221;34px&#8221; header_3_line_height=&#8221;1.5em&#8221; header_5_font=&#8221;Oswald|||on|||||&#8221; header_5_text_color=&#8221;#9fd4e0&#8243; header_5_letter_spacing=&#8221;3px&#8221; background_layout=&#8221;dark&#8221; module_alignment=&#8221;center&#8221; custom_margin=&#8221;-50px||15px||false|false&#8221; custom_padding=&#8221;||11px||false|false&#8221; text_line_height_last_edited=&#8221;off|desktop&#8221; global_colors_info=&#8221;{}&#8221;]<\/p>\n<h5>Special projects<\/h5>\n<h3><strong>St. Louis PPFB : Funding of optical studies&nbsp;<\/strong><\/h3>\n<p>In order to perpetuate the services, IRIS Mundial has financed the studies of the son of the current optician of the PPFB from 2021 to 2023.<\/p>\n<p>[\/et_pb_text][et_pb_button button_url=&#8221;https:\/\/irismundial.ca\/en\/st-louis-ppfb-funding-of-optical-studies\/&#8221; button_text=&#8221;Learn more&#8221; _builder_version=&#8221;4.20.4&#8243; custom_button=&#8221;on&#8221; button_text_color=&#8221;#ffffff&#8221; locked=&#8221;off&#8221; global_colors_info=&#8221;{}&#8221;][\/et_pb_button][\/et_pb_column][\/et_pb_row][et_pb_row column_structure=&#8221;1_2,1_2&#8243; use_custom_gutter=&#8221;on&#8221; gutter_width=&#8221;1&#8243; make_equal=&#8221;on&#8221; admin_label=&#8221;Involvements Row&#8221; _builder_version=&#8221;4.20.4&#8243; max_width=&#8221;1280px&#8221; min_height=&#8221;225.2px&#8221; custom_margin=&#8221;0px|auto|0px|auto|false|false&#8221; custom_padding=&#8221;0px|0px|0px|0px|false|false&#8221; animation_style=&#8221;flip&#8221; animation_direction=&#8221;right&#8221; animation_intensity_flip=&#8221;40%&#8221; use_custom_width=&#8221;on&#8221; custom_width_px=&#8221;1280px&#8221; global_colors_info=&#8221;{}&#8221;][et_pb_column type=&#8221;1_2&#8243; _builder_version=&#8221;4.20.4&#8243; background_color=&#8221;#232220&#8243; custom_padding=&#8221;80px|5%|30px|5%|false|false&#8221; global_colors_info=&#8221;{}&#8221; custom_padding__hover=&#8221;|||&#8221;][et_pb_text admin_label=&#8221;Involvement Title &#038; Description&#8221; _builder_version=&#8221;4.20.4&#8243; text_font=&#8221;Lora||||||||&#8221; text_font_size=&#8221;18px&#8221; text_line_height=&#8221;2em&#8221; header_2_font=&#8221;||||||||&#8221; header_3_font=&#8221;Lora|700|||||||&#8221; header_3_font_size=&#8221;34px&#8221; header_3_line_height=&#8221;1.5em&#8221; header_5_font=&#8221;Oswald|||on|||||&#8221; header_5_text_color=&#8221;#9fd4e0&#8243; header_5_letter_spacing=&#8221;3px&#8221; background_layout=&#8221;dark&#8221; module_alignment=&#8221;center&#8221; custom_margin=&#8221;-30px||30px||false|false&#8221; text_line_height_last_edited=&#8221;off|desktop&#8221; global_colors_info=&#8221;{}&#8221;]<\/p>\n<h5>Special projects<\/h5>\n<h3><strong>Strengthening of the Haitian Society of Ophthalmology (SHO)<\/strong><\/h3>\n<p>Following the earthquake of January 2010, IRIS Mundial mobilized for the Haitian population.<\/p>\n<p>[\/et_pb_text][et_pb_button button_url=&#8221;https:\/\/irismundial.ca\/en\/our-work\/what-we-do\/special-projects\/strengthening-of-sho\/&#8221; button_text=&#8221;Learn more&#8221; _builder_version=&#8221;4.16&#8243; custom_button=&#8221;on&#8221; button_text_color=&#8221;#ffffff&#8221; locked=&#8221;off&#8221; global_colors_info=&#8221;{}&#8221;][\/et_pb_button][\/et_pb_column][et_pb_column type=&#8221;1_2&#8243; _builder_version=&#8221;4.20.4&#8243; custom_padding=&#8221;48px|5%|60px|5%|false|false&#8221; global_colors_info=&#8221;{}&#8221; custom_padding__hover=&#8221;|||&#8221;][et_pb_text admin_label=&#8221;Involvement Title &#038; Description&#8221; _builder_version=&#8221;4.16&#8243; text_font=&#8221;Lora||||||||&#8221; text_font_size=&#8221;18px&#8221; text_line_height=&#8221;2em&#8221; header_2_font=&#8221;||||||||&#8221; header_3_font=&#8221;Lora|700|||||||&#8221; header_3_font_size=&#8221;34px&#8221; header_3_line_height=&#8221;1.5em&#8221; header_5_font=&#8221;Oswald|||on|||||&#8221; header_5_text_color=&#8221;#9fd4e0&#8243; header_5_letter_spacing=&#8221;3px&#8221; module_alignment=&#8221;center&#8221; custom_margin=&#8221;||30px|&#8221; custom_padding=&#8221;0px|||||&#8221; text_line_height_last_edited=&#8221;off|desktop&#8221; locked=&#8221;off&#8221; global_colors_info=&#8221;{}&#8221;]<\/p>\n<h5>Special projects<\/h5>\n<h3><strong>Collaboration with GUHG<\/strong><\/h3>\n<p>From January 30th to February 6th, a paediatric visual screening mission was carried out in the north of Haiti through the Montreal University Group for Haitians with Glaucoma (GUHG).<\/p>\n<p>[\/et_pb_text][et_pb_button button_url=&#8221;https:\/\/irismundial.ca\/en\/our-work\/what-we-do\/special-projects\/collaboration-with-guhg\/&#8221; button_text=&#8221;Learn more&#8221; _builder_version=&#8221;4.16&#8243; custom_button=&#8221;on&#8221; button_text_color=&#8221;#333333&#8243; locked=&#8221;off&#8221; global_colors_info=&#8221;{}&#8221;][\/et_pb_button][\/et_pb_column][\/et_pb_row][\/et_pb_section]<\/p>\n","protected":false},"excerpt":{"rendered":"<p>Special projectsInternship for UdeM Optometry students and residentsSince 2017, IRIS Mundial has been organizing credited internships for the students of the Universit\u00e9 de Montr\u00e9al School of Optometry.Les projets sp\u00e9ciauxSupport in optical and ophthalmological equipment, 2024As part of a special project to provide optical and ophthalmological equipment to Cuba, IRIS Mundial sent several donations in May [&hellip;]<\/p>\n","protected":false},"author":3,"featured_media":0,"parent":9348,"menu_order":0,"comment_status":"closed","ping_status":"closed","template":"","meta":{"_et_pb_use_builder":"on","_et_pb_old_content":"","_et_gb_content_width":"","footnotes":""},"class_list":["post-9466","page","type-page","status-publish","hentry"],"yoast_head":"<!-- This site is optimized with the Yoast SEO plugin v27.1.1 - https:\/\/yoast.com\/product\/yoast-seo-wordpress\/ -->\n<title>Special projects | IRIS Mundial<\/title>\n<meta name=\"robots\" content=\"index, follow, max-snippet:-1, max-image-preview:large, max-video-preview:-1\" \/>\n<link rel=\"canonical\" href=\"https:\/\/irismundial.ca\/activites\/interventions-par-projet\/projets-speciaux\/\" \/>\n<meta property=\"og:locale\" content=\"en_US\" \/>\n<meta property=\"og:type\" content=\"article\" \/>\n<meta property=\"og:title\" content=\"Special projects | IRIS Mundial\" \/>\n<meta property=\"og:description\" content=\"Special projectsInternship for UdeM Optometry students and residentsSince 2017, IRIS Mundial has been organizing credited internships for the students of the Universit\u00e9 de Montr\u00e9al School of Optometry.Les projets sp\u00e9ciauxSupport in optical and ophthalmological equipment, 2024As part of a special project to provide optical and ophthalmological equipment to Cuba, IRIS Mundial sent several donations in May [&hellip;]\" \/>\n<meta property=\"og:url\" content=\"https:\/\/irismundial.ca\/activites\/interventions-par-projet\/projets-speciaux\/\" \/>\n<meta property=\"og:site_name\" content=\"IRIS Mundial\" \/>\n<meta property=\"article:publisher\" content=\"https:\/\/www.facebook.com\/irismundial\/\" \/>\n<meta property=\"article:modified_time\" content=\"2026-01-15T22:20:25+00:00\" \/>\n<meta property=\"og:image\" content=\"https:\/\/irismundial.ca\/wp-content\/uploads\/2021\/08\/IRIS-Mundial-Logo.png\" \/>\n\t<meta property=\"og:image:width\" content=\"1091\" \/>\n\t<meta property=\"og:image:height\" content=\"355\" \/>\n\t<meta property=\"og:image:type\" content=\"image\/png\" \/>\n<meta name=\"twitter:label1\" content=\"Est. reading time\" \/>\n\t<meta name=\"twitter:data1\" content=\"8 minutes\" \/>\n<script type=\"application\/ld+json\" class=\"yoast-schema-graph\">{\"@context\":\"https:\/\/schema.org\",\"@graph\":[{\"@type\":\"WebPage\",\"@id\":\"https:\/\/irismundial.ca\/activites\/interventions-par-projet\/projets-speciaux\/\",\"url\":\"https:\/\/irismundial.ca\/activites\/interventions-par-projet\/projets-speciaux\/\",\"name\":\"Special projects | IRIS Mundial\",\"isPartOf\":{\"@id\":\"https:\/\/irismundial.ca\/#website\"},\"datePublished\":\"2020-08-03T20:18:34+00:00\",\"dateModified\":\"2026-01-15T22:20:25+00:00\",\"breadcrumb\":{\"@id\":\"https:\/\/irismundial.ca\/activites\/interventions-par-projet\/projets-speciaux\/#breadcrumb\"},\"inLanguage\":\"en-US\",\"potentialAction\":[{\"@type\":\"ReadAction\",\"target\":[\"https:\/\/irismundial.ca\/activites\/interventions-par-projet\/projets-speciaux\/\"]}]},{\"@type\":\"BreadcrumbList\",\"@id\":\"https:\/\/irismundial.ca\/activites\/interventions-par-projet\/projets-speciaux\/#breadcrumb\",\"itemListElement\":[{\"@type\":\"ListItem\",\"position\":1,\"name\":\"Home\",\"item\":\"https:\/\/irismundial.ca\/\"},{\"@type\":\"ListItem\",\"position\":2,\"name\":\"Our work\",\"item\":\"https:\/\/irismundial.ca\/en\/our-work\/\"},{\"@type\":\"ListItem\",\"position\":3,\"name\":\"What we do\",\"item\":\"https:\/\/irismundial.ca\/en\/our-work\/what-we-do\/\"},{\"@type\":\"ListItem\",\"position\":4,\"name\":\"Special projects\"}]},{\"@type\":\"WebSite\",\"@id\":\"https:\/\/irismundial.ca\/#website\",\"url\":\"https:\/\/irismundial.ca\/\",\"name\":\"IRIS Mundial\",\"description\":\"It&#039;s our mission for eyes in need\",\"publisher\":{\"@id\":\"https:\/\/irismundial.ca\/#organization\"},\"potentialAction\":[{\"@type\":\"SearchAction\",\"target\":{\"@type\":\"EntryPoint\",\"urlTemplate\":\"https:\/\/irismundial.ca\/?s={search_term_string}\"},\"query-input\":{\"@type\":\"PropertyValueSpecification\",\"valueRequired\":true,\"valueName\":\"search_term_string\"}}],\"inLanguage\":\"en-US\"},{\"@type\":\"Organization\",\"@id\":\"https:\/\/irismundial.ca\/#organization\",\"name\":\"IRIS MUNDIAL\",\"url\":\"https:\/\/irismundial.ca\/\",\"logo\":{\"@type\":\"ImageObject\",\"inLanguage\":\"en-US\",\"@id\":\"https:\/\/irismundial.ca\/#\/schema\/logo\/image\/\",\"url\":\"https:\/\/irismundial.ca\/wp-content\/uploads\/2021\/11\/New-logo-blog.png\",\"contentUrl\":\"https:\/\/irismundial.ca\/wp-content\/uploads\/2021\/11\/New-logo-blog.png\",\"width\":1637,\"height\":920,\"caption\":\"IRIS MUNDIAL\"},\"image\":{\"@id\":\"https:\/\/irismundial.ca\/#\/schema\/logo\/image\/\"},\"sameAs\":[\"https:\/\/www.facebook.com\/irismundial\/\"]}]}<\/script>\n<!-- \/ Yoast SEO plugin. -->","yoast_head_json":{"title":"Special projects | IRIS Mundial","robots":{"index":"index","follow":"follow","max-snippet":"max-snippet:-1","max-image-preview":"max-image-preview:large","max-video-preview":"max-video-preview:-1"},"canonical":"https:\/\/irismundial.ca\/activites\/interventions-par-projet\/projets-speciaux\/","og_locale":"en_US","og_type":"article","og_title":"Special projects | IRIS Mundial","og_description":"Special projectsInternship for UdeM Optometry students and residentsSince 2017, IRIS Mundial has been organizing credited internships for the students of the Universit\u00e9 de Montr\u00e9al School of Optometry.Les projets sp\u00e9ciauxSupport in optical and ophthalmological equipment, 2024As part of a special project to provide optical and ophthalmological equipment to Cuba, IRIS Mundial sent several donations in May [&hellip;]","og_url":"https:\/\/irismundial.ca\/activites\/interventions-par-projet\/projets-speciaux\/","og_site_name":"IRIS Mundial","article_publisher":"https:\/\/www.facebook.com\/irismundial\/","article_modified_time":"2026-01-15T22:20:25+00:00","og_image":[{"width":1091,"height":355,"url":"https:\/\/irismundial.ca\/wp-content\/uploads\/2021\/08\/IRIS-Mundial-Logo.png","type":"image\/png"}],"twitter_misc":{"Est. reading time":"8 minutes"},"schema":{"@context":"https:\/\/schema.org","@graph":[{"@type":"WebPage","@id":"https:\/\/irismundial.ca\/activites\/interventions-par-projet\/projets-speciaux\/","url":"https:\/\/irismundial.ca\/activites\/interventions-par-projet\/projets-speciaux\/","name":"Special projects | IRIS Mundial","isPartOf":{"@id":"https:\/\/irismundial.ca\/#website"},"datePublished":"2020-08-03T20:18:34+00:00","dateModified":"2026-01-15T22:20:25+00:00","breadcrumb":{"@id":"https:\/\/irismundial.ca\/activites\/interventions-par-projet\/projets-speciaux\/#breadcrumb"},"inLanguage":"en-US","potentialAction":[{"@type":"ReadAction","target":["https:\/\/irismundial.ca\/activites\/interventions-par-projet\/projets-speciaux\/"]}]},{"@type":"BreadcrumbList","@id":"https:\/\/irismundial.ca\/activites\/interventions-par-projet\/projets-speciaux\/#breadcrumb","itemListElement":[{"@type":"ListItem","position":1,"name":"Home","item":"https:\/\/irismundial.ca\/"},{"@type":"ListItem","position":2,"name":"Our work","item":"https:\/\/irismundial.ca\/en\/our-work\/"},{"@type":"ListItem","position":3,"name":"What we do","item":"https:\/\/irismundial.ca\/en\/our-work\/what-we-do\/"},{"@type":"ListItem","position":4,"name":"Special projects"}]},{"@type":"WebSite","@id":"https:\/\/irismundial.ca\/#website","url":"https:\/\/irismundial.ca\/","name":"IRIS Mundial","description":"It&#039;s our mission for eyes in need","publisher":{"@id":"https:\/\/irismundial.ca\/#organization"},"potentialAction":[{"@type":"SearchAction","target":{"@type":"EntryPoint","urlTemplate":"https:\/\/irismundial.ca\/?s={search_term_string}"},"query-input":{"@type":"PropertyValueSpecification","valueRequired":true,"valueName":"search_term_string"}}],"inLanguage":"en-US"},{"@type":"Organization","@id":"https:\/\/irismundial.ca\/#organization","name":"IRIS MUNDIAL","url":"https:\/\/irismundial.ca\/","logo":{"@type":"ImageObject","inLanguage":"en-US","@id":"https:\/\/irismundial.ca\/#\/schema\/logo\/image\/","url":"https:\/\/irismundial.ca\/wp-content\/uploads\/2021\/11\/New-logo-blog.png","contentUrl":"https:\/\/irismundial.ca\/wp-content\/uploads\/2021\/11\/New-logo-blog.png","width":1637,"height":920,"caption":"IRIS MUNDIAL"},"image":{"@id":"https:\/\/irismundial.ca\/#\/schema\/logo\/image\/"},"sameAs":["https:\/\/www.facebook.com\/irismundial\/"]}]}},"_links":{"self":[{"href":"https:\/\/irismundial.ca\/en\/wp-json\/wp\/v2\/pages\/9466","targetHints":{"allow":["GET"]}}],"collection":[{"href":"https:\/\/irismundial.ca\/en\/wp-json\/wp\/v2\/pages"}],"about":[{"href":"https:\/\/irismundial.ca\/en\/wp-json\/wp\/v2\/types\/page"}],"author":[{"embeddable":true,"href":"https:\/\/irismundial.ca\/en\/wp-json\/wp\/v2\/users\/3"}],"replies":[{"embeddable":true,"href":"https:\/\/irismundial.ca\/en\/wp-json\/wp\/v2\/comments?post=9466"}],"version-history":[{"count":32,"href":"https:\/\/irismundial.ca\/en\/wp-json\/wp\/v2\/pages\/9466\/revisions"}],"predecessor-version":[{"id":16893,"href":"https:\/\/irismundial.ca\/en\/wp-json\/wp\/v2\/pages\/9466\/revisions\/16893"}],"up":[{"embeddable":true,"href":"https:\/\/irismundial.ca\/en\/wp-json\/wp\/v2\/pages\/9348"}],"wp:attachment":[{"href":"https:\/\/irismundial.ca\/en\/wp-json\/wp\/v2\/media?parent=9466"}],"curies":[{"name":"wp","href":"https:\/\/api.w.org\/{rel}","templated":true}]}}